{"id":130,"date":"2022-10-19T14:43:09","date_gmt":"2022-10-19T12:43:09","guid":{"rendered":"https:\/\/www.jaimemavulve.fr\/?page_id=130"},"modified":"2023-11-06T14:17:53","modified_gmt":"2023-11-06T13:17:53","slug":"vulve-et-art","status":"publish","type":"page","link":"https:\/\/www.jaimemavulve.fr\/index.php\/vulve-et-art\/","title":{"rendered":"Vulve et art"},"content":{"rendered":"\n<p>Partez \u00e0 la d\u00e9couverte de toutes les vulves que nous avons rep\u00e9r\u00e9es pour vous dans l&#8217;histoire de l&#8217;art. <\/p>\n","protected":false},"excerpt":{"rendered":"<p>Partez \u00e0 la d\u00e9couverte de toutes les vulves que nous avons rep\u00e9r\u00e9es pour vous dans l&#8217;histoire de l&#8217;art.<\/p>\n","protected":false},"author":1,"featured_media":0,"parent":0,"menu_order":0,"comment_status":"closed","ping_status":"closed","template":"template-portfolio4col.php","meta":{"footnotes":""},"class_list":["post-130","page","type-page","status-publish","hentry"],"_links":{"self":[{"href":"https:\/\/www.jaimemavulve.fr\/index.php\/wp-json\/wp\/v2\/pages\/130","targetHints":{"allow":["GET"]}}],"collection":[{"href":"https:\/\/www.jaimemavulve.fr\/index.php\/wp-json\/wp\/v2\/pages"}],"about":[{"href":"https:\/\/www.jaimemavulve.fr\/index.php\/wp-json\/wp\/v2\/types\/page"}],"author":[{"embeddable":true,"href":"https:\/\/www.jaimemavulve.fr\/index.php\/wp-json\/wp\/v2\/users\/1"}],"replies":[{"embeddable":true,"href":"https:\/\/www.jaimemavulve.fr\/index.php\/wp-json\/wp\/v2\/comments?post=130"}],"version-history":[{"count":3,"href":"https:\/\/www.jaimemavulve.fr\/index.php\/wp-json\/wp\/v2\/pages\/130\/revisions"}],"predecessor-version":[{"id":987,"href":"https:\/\/www.jaimemavulve.fr\/index.php\/wp-json\/wp\/v2\/pages\/130\/revisions\/987"}],"wp:attachment":[{"href":"https:\/\/www.jaimemavulve.fr\/index.php\/wp-json\/wp\/v2\/media?parent=130"}],"curies":[{"name":"wp","href":"https:\/\/api.w.org\/{rel}","templated":true}]}}