{"id":133,"date":"2022-10-19T14:43:53","date_gmt":"2022-10-19T12:43:53","guid":{"rendered":"https:\/\/www.jaimemavulve.fr\/?page_id=133"},"modified":"2023-01-09T11:46:48","modified_gmt":"2023-01-09T10:46:48","slug":"jaime-mon-penis-aussi","status":"publish","type":"page","link":"https:\/\/www.jaimemavulve.fr\/index.php\/jaime-mon-penis-aussi\/","title":{"rendered":"J&#8217;aime mon p\u00e9nis aussi"},"content":{"rendered":"\n<hr class=\"wp-block-separator has-alpha-channel-opacity\"\/>\n\n\n\n<p><\/p>\n\n\n\n<p>Dans cette cat\u00e9gorie, on vous parle <a href=\"https:\/\/www.jaimemavulve.fr\/index.php\/portfolio\/le-penis\/\">p\u00e9nis<\/a>, <a href=\"https:\/\/www.jaimemavulve.fr\/index.php\/portfolio\/le-scrotum\/\">testicules,<\/a> <a href=\"https:\/\/www.jaimemavulve.fr\/index.php\/portfolio\/lerection\/\">\u00e9rection<\/a>,<a href=\"https:\/\/www.jaimemavulve.fr\/index.php\/portfolio\/la-prostate\/\"> prostate<\/a>\u2026 Parce que c&#8217;est important de conna\u00eetre son corps, peu importe son sexe ou son genre.\u00a0<\/p>\n\n\n\n<p>C&#8217;est aussi tr\u00e8s utile de conna\u00eetre l&#8217;anatomie de son ou sa partenaire, pour mieux comprendre son fonctionnement et, pourquoi pas, lui procurer davantage de plaisir.&nbsp;<\/p>\n\n\n\n<p>On commence par une petite vue d&#8217;ensemble des diff\u00e9rentes parties de l&#8217;appareil reproducteur dit masculin (mais ce n&#8217;est pas parce que tu as un p\u00e9nis que tu es forc\u00e9ment un gar\u00e7on, et vice versa) : il est compos\u00e9 grosso modo du p\u00e9nis et du scrotum (contenant les testicules), qui sont externes, et de diff\u00e9rents canaux et de la prostate, qui sont internes.&nbsp;<\/p>\n\n\n\n<p>Voil\u00e0 pour l&#8217;anatomie g\u00e9n\u00e9rale. Mais comment \u00e7a marche ensemble tout \u00e7a ?<\/p>\n","protected":false},"excerpt":{"rendered":"<p>Dans cette cat\u00e9gorie, on vous parle p\u00e9nis, testicules, \u00e9rection, prostate\u2026 Parce que c&#8217;est important de conna\u00eetre son corps, peu importe son sexe ou son genre.\u00a0 C&#8217;est aussi tr\u00e8s utile de conna\u00eetre l&#8217;anatomie de son ou sa partenaire, pour mieux comprendre son fonctionnement et, pourquoi pas, lui procurer davantage de plaisir.&nbsp; On commence par une petite [&hellip;]<\/p>\n","protected":false},"author":1,"featured_media":0,"parent":0,"menu_order":0,"comment_status":"closed","ping_status":"closed","template":"template-portfolio4col.php","meta":{"footnotes":""},"class_list":["post-133","page","type-page","status-publish","hentry"],"_links":{"self":[{"href":"https:\/\/www.jaimemavulve.fr\/index.php\/wp-json\/wp\/v2\/pages\/133","targetHints":{"allow":["GET"]}}],"collection":[{"href":"https:\/\/www.jaimemavulve.fr\/index.php\/wp-json\/wp\/v2\/pages"}],"about":[{"href":"https:\/\/www.jaimemavulve.fr\/index.php\/wp-json\/wp\/v2\/types\/page"}],"author":[{"embeddable":true,"href":"https:\/\/www.jaimemavulve.fr\/index.php\/wp-json\/wp\/v2\/users\/1"}],"replies":[{"embeddable":true,"href":"https:\/\/www.jaimemavulve.fr\/index.php\/wp-json\/wp\/v2\/comments?post=133"}],"version-history":[{"count":4,"href":"https:\/\/www.jaimemavulve.fr\/index.php\/wp-json\/wp\/v2\/pages\/133\/revisions"}],"predecessor-version":[{"id":252,"href":"https:\/\/www.jaimemavulve.fr\/index.php\/wp-json\/wp\/v2\/pages\/133\/revisions\/252"}],"wp:attachment":[{"href":"https:\/\/www.jaimemavulve.fr\/index.php\/wp-json\/wp\/v2\/media?parent=133"}],"curies":[{"name":"wp","href":"https:\/\/api.w.org\/{rel}","templated":true}]}}