{"id":43,"date":"2022-07-28T14:56:32","date_gmt":"2022-07-28T12:56:32","guid":{"rendered":"https:\/\/www.jaimemavulve.fr\/?page_id=43"},"modified":"2024-01-19T09:56:56","modified_gmt":"2024-01-19T08:56:56","slug":"consentement-et-violences-sexuelles","status":"publish","type":"page","link":"https:\/\/www.jaimemavulve.fr\/index.php\/consentement-et-violences-sexuelles\/","title":{"rendered":"Consentement &#038; violences sexuelles"},"content":{"rendered":"\n<p>Une cat\u00e9gorie pour mieux comprendre la notion de consentement, plus complexe et nuanc\u00e9e qu&#8217;elle peut para\u00eetre, mais aussi pour parler de lutte contre les violences sexuelles et la culture du viol.<\/p>\n","protected":false},"excerpt":{"rendered":"<p>Une cat\u00e9gorie pour mieux comprendre la notion de consentement, plus complexe et nuanc\u00e9e qu&#8217;elle peut para\u00eetre, mais aussi pour parler de lutte contre les violences sexuelles et la culture du viol.<\/p>\n","protected":false},"author":1,"featured_media":0,"parent":0,"menu_order":0,"comment_status":"closed","ping_status":"closed","template":"template-portfolio4col.php","meta":{"footnotes":""},"class_list":["post-43","page","type-page","status-publish","hentry"],"_links":{"self":[{"href":"https:\/\/www.jaimemavulve.fr\/index.php\/wp-json\/wp\/v2\/pages\/43","targetHints":{"allow":["GET"]}}],"collection":[{"href":"https:\/\/www.jaimemavulve.fr\/index.php\/wp-json\/wp\/v2\/pages"}],"about":[{"href":"https:\/\/www.jaimemavulve.fr\/index.php\/wp-json\/wp\/v2\/types\/page"}],"author":[{"embeddable":true,"href":"https:\/\/www.jaimemavulve.fr\/index.php\/wp-json\/wp\/v2\/users\/1"}],"replies":[{"embeddable":true,"href":"https:\/\/www.jaimemavulve.fr\/index.php\/wp-json\/wp\/v2\/comments?post=43"}],"version-history":[{"count":4,"href":"https:\/\/www.jaimemavulve.fr\/index.php\/wp-json\/wp\/v2\/pages\/43\/revisions"}],"predecessor-version":[{"id":1135,"href":"https:\/\/www.jaimemavulve.fr\/index.php\/wp-json\/wp\/v2\/pages\/43\/revisions\/1135"}],"wp:attachment":[{"href":"https:\/\/www.jaimemavulve.fr\/index.php\/wp-json\/wp\/v2\/media?parent=43"}],"curies":[{"name":"wp","href":"https:\/\/api.w.org\/{rel}","templated":true}]}}