{"id":50,"date":"2022-07-28T15:31:04","date_gmt":"2022-07-28T13:31:04","guid":{"rendered":"https:\/\/www.jaimemavulve.fr\/?page_id=50"},"modified":"2023-11-06T14:47:30","modified_gmt":"2023-11-06T13:47:30","slug":"difficultes-sexuelles-2","status":"publish","type":"page","link":"https:\/\/www.jaimemavulve.fr\/index.php\/difficultes-sexuelles-2\/","title":{"rendered":"Difficult\u00e9s sexuelles"},"content":{"rendered":"\n<p>Des douleurs pendant le sexe ? Des difficult\u00e9s \u00e0 jouir, ou des inqui\u00e9tudes sur vos &#8220;performances&#8221; ? Nous avons peut-\u00eatre une r\u00e9ponse dans cette cat\u00e9gorie.<\/p>\n","protected":false},"excerpt":{"rendered":"<p>Des douleurs pendant le sexe ? Des difficult\u00e9s \u00e0 jouir, ou des inqui\u00e9tudes sur vos &#8220;performances&#8221; ? Nous avons peut-\u00eatre une r\u00e9ponse dans cette cat\u00e9gorie.<\/p>\n","protected":false},"author":1,"featured_media":0,"parent":0,"menu_order":0,"comment_status":"closed","ping_status":"closed","template":"template-portfolio4col.php","meta":{"footnotes":""},"class_list":["post-50","page","type-page","status-publish","hentry"],"_links":{"self":[{"href":"https:\/\/www.jaimemavulve.fr\/index.php\/wp-json\/wp\/v2\/pages\/50","targetHints":{"allow":["GET"]}}],"collection":[{"href":"https:\/\/www.jaimemavulve.fr\/index.php\/wp-json\/wp\/v2\/pages"}],"about":[{"href":"https:\/\/www.jaimemavulve.fr\/index.php\/wp-json\/wp\/v2\/types\/page"}],"author":[{"embeddable":true,"href":"https:\/\/www.jaimemavulve.fr\/index.php\/wp-json\/wp\/v2\/users\/1"}],"replies":[{"embeddable":true,"href":"https:\/\/www.jaimemavulve.fr\/index.php\/wp-json\/wp\/v2\/comments?post=50"}],"version-history":[{"count":2,"href":"https:\/\/www.jaimemavulve.fr\/index.php\/wp-json\/wp\/v2\/pages\/50\/revisions"}],"predecessor-version":[{"id":1000,"href":"https:\/\/www.jaimemavulve.fr\/index.php\/wp-json\/wp\/v2\/pages\/50\/revisions\/1000"}],"wp:attachment":[{"href":"https:\/\/www.jaimemavulve.fr\/index.php\/wp-json\/wp\/v2\/media?parent=50"}],"curies":[{"name":"wp","href":"https:\/\/api.w.org\/{rel}","templated":true}]}}