{"id":61,"date":"2022-07-28T15:32:51","date_gmt":"2022-07-28T13:32:51","guid":{"rendered":"https:\/\/www.jaimemavulve.fr\/?page_id=61"},"modified":"2024-01-18T14:58:45","modified_gmt":"2024-01-18T13:58:45","slug":"pratiques-sexuelles","status":"publish","type":"page","link":"https:\/\/www.jaimemavulve.fr\/index.php\/pratiques-sexuelles\/","title":{"rendered":"Pratiques sexuelles"},"content":{"rendered":"\n<p>Les possibilit\u00e9s sont vari\u00e9es en sexualit\u00e9. Beaucoup de pratiques existent et chacune peut se combiner, se nuancer, et s\u2019exprimer diff\u00e9remment selon les partenaires. On peut tester et s\u2019amuser, mais nul n\u2019est forc\u00e9 de tout exp\u00e9rimenter\u00a0!\u00a0\u00a0<\/p>\n","protected":false},"excerpt":{"rendered":"<p>Les possibilit\u00e9s sont vari\u00e9es en sexualit\u00e9. Beaucoup de pratiques existent et chacune peut se combiner, se nuancer, et s\u2019exprimer diff\u00e9remment selon les partenaires. On peut tester et s\u2019amuser, mais nul n\u2019est forc\u00e9 de tout exp\u00e9rimenter\u00a0!\u00a0\u00a0<\/p>\n","protected":false},"author":1,"featured_media":0,"parent":0,"menu_order":0,"comment_status":"closed","ping_status":"closed","template":"template-portfolio4col.php","meta":{"footnotes":""},"class_list":["post-61","page","type-page","status-publish","hentry"],"_links":{"self":[{"href":"https:\/\/www.jaimemavulve.fr\/index.php\/wp-json\/wp\/v2\/pages\/61","targetHints":{"allow":["GET"]}}],"collection":[{"href":"https:\/\/www.jaimemavulve.fr\/index.php\/wp-json\/wp\/v2\/pages"}],"about":[{"href":"https:\/\/www.jaimemavulve.fr\/index.php\/wp-json\/wp\/v2\/types\/page"}],"author":[{"embeddable":true,"href":"https:\/\/www.jaimemavulve.fr\/index.php\/wp-json\/wp\/v2\/users\/1"}],"replies":[{"embeddable":true,"href":"https:\/\/www.jaimemavulve.fr\/index.php\/wp-json\/wp\/v2\/comments?post=61"}],"version-history":[{"count":4,"href":"https:\/\/www.jaimemavulve.fr\/index.php\/wp-json\/wp\/v2\/pages\/61\/revisions"}],"predecessor-version":[{"id":1128,"href":"https:\/\/www.jaimemavulve.fr\/index.php\/wp-json\/wp\/v2\/pages\/61\/revisions\/1128"}],"wp:attachment":[{"href":"https:\/\/www.jaimemavulve.fr\/index.php\/wp-json\/wp\/v2\/media?parent=61"}],"curies":[{"name":"wp","href":"https:\/\/api.w.org\/{rel}","templated":true}]}}