{"id":66,"date":"2022-07-28T15:17:41","date_gmt":"2022-07-28T13:17:41","guid":{"rendered":"https:\/\/www.jaimemavulve.fr\/?page_id=66"},"modified":"2023-11-15T13:07:48","modified_gmt":"2023-11-15T12:07:48","slug":"sexisme-et-cliches","status":"publish","type":"page","link":"https:\/\/www.jaimemavulve.fr\/index.php\/sexisme-et-cliches\/","title":{"rendered":"Sexisme &#038; clich\u00e9s"},"content":{"rendered":"\n<p>Ici on s\u2019attarde et on se questionne sur les injonctions, les croyances fausses ou limitantes, les r\u00e9flexes culturels ancr\u00e9s de longue date qui nous contraignent dans la vie en g\u00e9n\u00e9ral et dans la sexualit\u00e9 en particulier.\u00a0 Avant toute chose, vous avez besoin d&#8217;un rappel sur la diff\u00e9rence entre genre et sexe ? C&#8217;est <a href=\"https:\/\/www.jaimemavulve.fr\/index.php\/portfolio\/genre-sexe-orientation-sexuelle\/\" data-type=\"URL\" data-id=\"https:\/\/www.jaimemavulve.fr\/index.php\/portfolio\/genre-sexe-orientation-sexuelle\/\">par ici<\/a>.<\/p>\n\n\n\n<hr class=\"wp-block-separator has-alpha-channel-opacity\"\/>\n","protected":false},"excerpt":{"rendered":"<p>Ici on s\u2019attarde et on se questionne sur les injonctions, les croyances fausses ou limitantes, les r\u00e9flexes culturels ancr\u00e9s de longue date qui nous contraignent dans la vie en g\u00e9n\u00e9ral et dans la sexualit\u00e9 en particulier.\u00a0 Avant toute chose, vous avez besoin d&#8217;un rappel sur la diff\u00e9rence entre genre et sexe ? C&#8217;est par ici.<\/p>\n","protected":false},"author":1,"featured_media":0,"parent":0,"menu_order":0,"comment_status":"closed","ping_status":"closed","template":"template-portfolio4col.php","meta":{"footnotes":""},"class_list":["post-66","page","type-page","status-publish","hentry"],"_links":{"self":[{"href":"https:\/\/www.jaimemavulve.fr\/index.php\/wp-json\/wp\/v2\/pages\/66","targetHints":{"allow":["GET"]}}],"collection":[{"href":"https:\/\/www.jaimemavulve.fr\/index.php\/wp-json\/wp\/v2\/pages"}],"about":[{"href":"https:\/\/www.jaimemavulve.fr\/index.php\/wp-json\/wp\/v2\/types\/page"}],"author":[{"embeddable":true,"href":"https:\/\/www.jaimemavulve.fr\/index.php\/wp-json\/wp\/v2\/users\/1"}],"replies":[{"embeddable":true,"href":"https:\/\/www.jaimemavulve.fr\/index.php\/wp-json\/wp\/v2\/comments?post=66"}],"version-history":[{"count":5,"href":"https:\/\/www.jaimemavulve.fr\/index.php\/wp-json\/wp\/v2\/pages\/66\/revisions"}],"predecessor-version":[{"id":1074,"href":"https:\/\/www.jaimemavulve.fr\/index.php\/wp-json\/wp\/v2\/pages\/66\/revisions\/1074"}],"wp:attachment":[{"href":"https:\/\/www.jaimemavulve.fr\/index.php\/wp-json\/wp\/v2\/media?parent=66"}],"curies":[{"name":"wp","href":"https:\/\/api.w.org\/{rel}","templated":true}]}}